{"id":9915,"date":"2022-11-16T20:12:45","date_gmt":"2022-11-16T20:12:45","guid":{"rendered":"https:\/\/natalreciclagem.com.br\/site\/?page_id=9915"},"modified":"2022-11-17T13:24:09","modified_gmt":"2022-11-17T13:24:09","slug":"nossos-servicos","status":"publish","type":"page","link":"https:\/\/natalreciclagem.com.br\/site\/nossos-servicos\/","title":{"rendered":"Nossos Servi\u00e7os"},"content":{"rendered":"\n<p><\/p>\n\n\n<div class=\"accordion\"><h3><i class=\"fa fa-plus\"><\/i><i class=\"fa fa-minus\"><\/i>DESCARTE DE RES\u00cdDUOS PERIGOSOS<\/h3><div><p><\/p>\n<p>L\u00e2mpadas, pilhas, toners e cartuchos de tinta s\u00e3o res\u00edduos classe I e seu tratamento deve ser diferenciado dos equipamentos eletr\u00f4nicos. Esses res\u00edduos cont\u00eam subst\u00e2ncias qu\u00edmicas que se descartadas no meio ambiente podem gerar riscos a sa\u00fade dos seres vivos.<\/p>\n<p>Solicite um or\u00e7amento agora 84 3081-2525<\/p>\n<p>Ou por e-mail contato@natalreciclagem.com.br <\/p><\/div><\/div>\n\n\n\n<div class=\"accordion\"><h3><i class=\"fa fa-plus\"><\/i><i class=\"fa fa-minus\"><\/i>Onde descartar Lixo Eletr\u00f4nico?<\/h3><div><p><\/p>\n<p>O lixo eletr\u00f4nico s\u00e3o res\u00edduos provenientes de equipamentos el\u00e9tricos.<br \/>\nEsses res\u00edduos cont\u00eam subst\u00e2ncias qu\u00edmicas que se descartadas no meio ambiente pode gerar riscos a sa\u00fade dos seres vivos.<br \/>\nCom objetivo de incentivar a pr\u00e1tica da reciclagem de lixo eletr\u00f4nicos n\u00f3s agregamos valor para os res\u00edduos que chegam em nosso galp\u00e3o de reciclagem.<br \/>\nMas aten\u00e7\u00e3o: S\u00f3 coletamos em domic\u00edlio as doa\u00e7\u00f5es de pessoas f\u00edsicas e institui\u00e7\u00f5es p\u00fablicas com servi\u00e7o \u00e9 gratuito. As Empresas geradoras devem consultar nosso atendimento pelo nosso whatsApp 9966-4010 ou 3081-2525.<br \/>\nCom objetivo de arrecadar cada dia mais equipamentos eletr\u00f4nicos para reciclagem e assim incentivar a pr\u00e1tica da cidadania e cultura da reciclagem disponibilizamos diversos ECOPONTOS na cidade do Natal.<br \/>\n <\/p><\/div><\/div>\n\n\n\n\n<div class=\"accordion\"><h3><i class=\"fa fa-plus\"><\/i><i class=\"fa fa-minus\"><\/i>RECICLAGEM DE METAIS<\/h3><div><p><\/p>\n<p>Todos os metais que conhecemos s\u00e3o 100% extra\u00eddos da natureza. S\u00e3o recursos naturais e n\u00e3o renov\u00e1veis. Sejam eles: o ferro, alum\u00ednio, bronze, cobre, inox, etc\u2026 todos eles fazem parte de nossa rotina cotidiana.<\/p>\n<p>Com objetivo de incentivar a reciclagem de metais n\u00f3s agregamos valor na compra de cada item.<br \/>\n<\/p><\/div><\/div>\n\n\n\n<div class=\"accordion\"><h3><i class=\"fa fa-plus\"><\/i><i class=\"fa fa-minus\"><\/i>RECICLAGEM DE PL\u00c1STICO<\/h3><div><p><\/p>\n<p>O pl\u00e1stico vem do petr\u00f3leo um recurso natural n\u00e3o renov\u00e1vel.<\/p>\n<p>O pl\u00e1stico reciclado pode ser reutilizado e aproveitado por uma grande variedade de ind\u00fastrias, especialmente a ind\u00fastria de reciclagem.<\/p>\n<p>O trabalho de reciclagem com res\u00edduo pl\u00e1stico \u00e9 capaz de gerar rende e emprego al\u00e9m de sustentar muitas pessoas e propiciar o desenvolvimento sustent\u00e1vel de muitas comunidades locais.<\/p>\n<p>Para incentivar a reciclagem de pl\u00e1stico em nossa regi\u00e3o n\u00f3s agregamos valor para cada kg de pl\u00e1stico que chegam at\u00e9 nosso galp\u00e3o de reciclagem.<\/p>\n<p>Preserve o meio ambiente \u2013 Recicle embalagens pl\u00e1sticas!<br \/>\n<\/p><\/div><\/div>\n\n\n\n<div class=\"accordion\"><h3><i class=\"fa fa-plus\"><\/i><i class=\"fa fa-minus\"><\/i>SERVI\u00c7O DE TRANSPORTE<\/h3><div><p><\/p>\n<p>O transporte de res\u00edduos \u00e9 uma das etapas mais importantes na gest\u00e3o de res\u00edduos. Quando realizado com responsabilidade e aten\u00e7\u00e3o, o servi\u00e7o evita danos ao meio ambiente e preserva a sa\u00fade dos seres vivos.<\/p>\n<p>O transporte de res\u00edduos perigosos, classe 1, apresentam riscos \u00e0 sa\u00fade humana e ao meio ambiente, exigindo transporte especial e posterior tratamento. Eles podem ser identificados a partir de caracter\u00edsticas como inflamabilidade, corrosividade, reatividade, toxicidade e patogenicidade. A armazenagem dos res\u00edduos deve ser realizada em locais adequados e destinados para esse fim.<\/p>\n<p>A Natal Reciclagem \u00e9 uma empresa licenciada ambientalmente para o devido transporte de res\u00edduos perigosos e n\u00e3o perigosos.<\/p>\n<p>Solicite hoje mesmo a cota\u00e7\u00e3o para realiza\u00e7\u00e3o deste servi\u00e7o e garanta a prote\u00e7\u00e3o do patrim\u00f4nio de sua empresa junto aos \u00f3rg\u00e3o de fiscaliza\u00e7\u00e3o ambiental.<br \/>\n<\/p><\/div><\/div>\n\n\n\n<div class=\"accordion\"><h3><i class=\"fa fa-plus\"><\/i><i class=\"fa fa-minus\"><\/i>RECICLAGEM DE PAPEL E PAPEL\u00c3O<\/h3><div><p><\/p>\n<p>Somos a maior Empresa de Reciclagem de Papel no Rio Grande do Norte.<br \/>\nA reciclagem do papel \u00e9 de extrema import\u00e2ncia para o meio ambiente. Como sabemos, o papel \u00e9 produzido atrav\u00e9s da celulose das \u00e1rvores.<\/p>\n<p>A estimativa \u00e9 que para se produzir 1000 kg de papel 20 \u00e1rvores s\u00e3o derrubadas.<\/p>\n<p>Nosso objetivo \u00e9 arrecadar cada dia mais pap\u00e9is que poderia ir para o lixo ou locais inadequados.<\/p>\n<p>Para incentivar a cultura da reciclagem n\u00f3s agregamos valor para quem trouxer papeis usados at\u00e9 nosso galp\u00e3o de reciclagem. A compra de papeis velhos al\u00e9m de gerar rende emprego \u00e9 fundamental para a preserva\u00e7\u00e3o do meio ambiente. Ajude-nos a arrecadar mais pap\u00e9is! Recicle papeis!!!<\/p>\n<p>Nosso Papel \u00e9 cuidar do meio ambiente.<br \/>\n<\/p><\/div><\/div>\n\n","protected":false},"excerpt":{"rendered":"<p>DESCARTE DE RES\u00cdDUOS PERIGOSOS L\u00e2mpadas, pilhas, toners e cartuchos de tinta s\u00e3o res\u00edduos classe I e seu tratamento deve ser diferenciado dos equipamentos eletr\u00f4nicos. Esses res\u00edduos cont\u00eam subst\u00e2ncias qu\u00edmicas que se descartadas no meio ambiente podem gerar riscos a sa\u00fade dos seres vivos. Solicite um or\u00e7amento agora 84 3081-2525 Ou por e-mail contato@natalreciclagem.com.br Onde descartar &#8230;<\/p>\n","protected":false},"author":2,"featured_media":0,"parent":0,"menu_order":0,"comment_status":"closed","ping_status":"closed","template":"","meta":{"footnotes":""},"class_list":["post-9915","page","type-page","status-publish","hentry"],"_links":{"self":[{"href":"https:\/\/natalreciclagem.com.br\/site\/wp-json\/wp\/v2\/pages\/9915","targetHints":{"allow":["GET"]}}],"collection":[{"href":"https:\/\/natalreciclagem.com.br\/site\/wp-json\/wp\/v2\/pages"}],"about":[{"href":"https:\/\/natalreciclagem.com.br\/site\/wp-json\/wp\/v2\/types\/page"}],"author":[{"embeddable":true,"href":"https:\/\/natalreciclagem.com.br\/site\/wp-json\/wp\/v2\/users\/2"}],"replies":[{"embeddable":true,"href":"https:\/\/natalreciclagem.com.br\/site\/wp-json\/wp\/v2\/comments?post=9915"}],"version-history":[{"count":12,"href":"https:\/\/natalreciclagem.com.br\/site\/wp-json\/wp\/v2\/pages\/9915\/revisions"}],"predecessor-version":[{"id":9941,"href":"https:\/\/natalreciclagem.com.br\/site\/wp-json\/wp\/v2\/pages\/9915\/revisions\/9941"}],"wp:attachment":[{"href":"https:\/\/natalreciclagem.com.br\/site\/wp-json\/wp\/v2\/media?parent=9915"}],"curies":[{"name":"wp","href":"https:\/\/api.w.org\/{rel}","templated":true}]}}